{"id":413,"date":"2024-09-18T13:43:57","date_gmt":"2024-09-18T13:43:57","guid":{"rendered":"https:\/\/www.neltmarket.com\/?page_id=413"},"modified":"2024-10-04T12:21:34","modified_gmt":"2024-10-04T12:21:34","slug":"srbija","status":"publish","type":"page","link":"https:\/\/www.neltmarket.com\/sr\/srbija\/","title":{"rendered":"Srbija"},"content":{"rendered":"","protected":false},"excerpt":{"rendered":"","protected":false},"author":1,"featured_media":417,"parent":0,"menu_order":30,"comment_status":"closed","ping_status":"closed","template":"page-market.php","meta":{"_acf_changed":false,"footnotes":""},"class_list":["post-413","page","type-page","status-publish","has-post-thumbnail","hentry"],"acf":[],"yoast_head":"\n<title>Srbija | Nelt Market<\/title>\n<meta name=\"description\" content=\"Pove\u0107ajte svoju prodaju uz novu Nelt Market aplikaciju za Srbiju! Brz i prakti\u010dan na\u010din da naru\u010dite najbolje brendove za va\u0161u prodavnicu.\" \/>\n<meta name=\"robots\" content=\"index, follow, max-snippet:-1, max-image-preview:large, max-video-preview:-1\" \/>\n<link rel=\"canonical\" href=\"https:\/\/www.neltmarket.com\/sr\/srbija\/\" \/>\n<meta property=\"og:locale\" content=\"sr_RS\" \/>\n<meta property=\"og:type\" content=\"article\" \/>\n<meta property=\"og:title\" content=\"Srbija | Nelt Market\" \/>\n<meta property=\"og:description\" content=\"Pove\u0107ajte svoju prodaju uz novu Nelt Market aplikaciju za Srbiju! Brz i prakti\u010dan na\u010din da naru\u010dite najbolje brendove za va\u0161u prodavnicu.\" \/>\n<meta property=\"og:url\" content=\"https:\/\/www.neltmarket.com\/sr\/srbija\/\" \/>\n<meta property=\"og:site_name\" content=\"Nelt Market\" \/>\n<meta property=\"article:publisher\" content=\"https:\/\/www.facebook.com\/NeltGroup\/\" \/>\n<meta property=\"article:modified_time\" content=\"2024-10-04T12:21:34+00:00\" \/>\n<meta property=\"og:image\" content=\"https:\/\/www.neltmarket.com\/wp-content\/uploads\/2024\/09\/hero-srbija-v2.png\" \/>\n\t<meta property=\"og:image:width\" content=\"921\" \/>\n\t<meta property=\"og:image:height\" content=\"772\" \/>\n\t<meta property=\"og:image:type\" content=\"image\/png\" \/>\n<meta name=\"twitter:card\" content=\"summary_large_image\" \/>\n<meta name=\"twitter:label1\" content=\"\u041f\u0440\u043e\u0446\u0435\u045a\u0435\u043d\u043e \u0432\u0440\u0435\u043c\u0435 \u0447\u0438\u0442\u0430\u045a\u0430\" \/>\n\t<meta name=\"twitter:data1\" content=\"1 \u043c\u0438\u043d\u0443\u0442\" \/>\n<script type=\"application\/ld+json\" class=\"yoast-schema-graph\">{\"@context\":\"https:\/\/schema.org\",\"@graph\":[{\"@type\":\"WebPage\",\"@id\":\"https:\/\/www.neltmarket.com\/sr\/srbija\/\",\"url\":\"https:\/\/www.neltmarket.com\/sr\/srbija\/\",\"name\":\"Srbija | Nelt Market\",\"isPartOf\":{\"@id\":\"https:\/\/www.neltmarket.com\/sr\/#website\"},\"primaryImageOfPage\":{\"@id\":\"https:\/\/www.neltmarket.com\/sr\/srbija\/#primaryimage\"},\"image\":{\"@id\":\"https:\/\/www.neltmarket.com\/sr\/srbija\/#primaryimage\"},\"thumbnailUrl\":\"https:\/\/www.neltmarket.com\/wp-content\/uploads\/2024\/09\/hero-srbija-v2.png\",\"datePublished\":\"2024-09-18T13:43:57+00:00\",\"dateModified\":\"2024-10-04T12:21:34+00:00\",\"description\":\"Pove\u0107ajte svoju prodaju uz novu Nelt Market aplikaciju za Srbiju! Brz i prakti\u010dan na\u010din da naru\u010dite najbolje brendove za va\u0161u prodavnicu.\",\"breadcrumb\":{\"@id\":\"https:\/\/www.neltmarket.com\/sr\/srbija\/#breadcrumb\"},\"inLanguage\":\"sr-RS\",\"potentialAction\":[{\"@type\":\"ReadAction\",\"target\":[\"https:\/\/www.neltmarket.com\/sr\/srbija\/\"]}]},{\"@type\":\"ImageObject\",\"inLanguage\":\"sr-RS\",\"@id\":\"https:\/\/www.neltmarket.com\/sr\/srbija\/#primaryimage\",\"url\":\"https:\/\/www.neltmarket.com\/wp-content\/uploads\/2024\/09\/hero-srbija-v2.png\",\"contentUrl\":\"https:\/\/www.neltmarket.com\/wp-content\/uploads\/2024\/09\/hero-srbija-v2.png\",\"width\":921,\"height\":772},{\"@type\":\"BreadcrumbList\",\"@id\":\"https:\/\/www.neltmarket.com\/sr\/srbija\/#breadcrumb\",\"itemListElement\":[{\"@type\":\"ListItem\",\"position\":1,\"name\":\"Home\",\"item\":\"https:\/\/www.neltmarket.com\/sr\/\"},{\"@type\":\"ListItem\",\"position\":2,\"name\":\"Srbija\"}]},{\"@type\":\"WebSite\",\"@id\":\"https:\/\/www.neltmarket.com\/sr\/#website\",\"url\":\"https:\/\/www.neltmarket.com\/sr\/\",\"name\":\"Nelt Market\",\"description\":\"We help YOU grow your business.\",\"publisher\":{\"@id\":\"https:\/\/www.neltmarket.com\/sr\/#organization\"},\"potentialAction\":[{\"@type\":\"SearchAction\",\"target\":{\"@type\":\"EntryPoint\",\"urlTemplate\":\"https:\/\/www.neltmarket.com\/sr\/?s={search_term_string}\"},\"query-input\":{\"@type\":\"PropertyValueSpecification\",\"valueRequired\":true,\"valueName\":\"search_term_string\"}}],\"inLanguage\":\"sr-RS\"},{\"@type\":\"Organization\",\"@id\":\"https:\/\/www.neltmarket.com\/sr\/#organization\",\"name\":\"Nelt Market\",\"url\":\"https:\/\/www.neltmarket.com\/sr\/\",\"logo\":{\"@type\":\"ImageObject\",\"inLanguage\":\"sr-RS\",\"@id\":\"https:\/\/www.neltmarket.com\/sr\/#\/schema\/logo\/image\/\",\"url\":\"https:\/\/www.neltmarket.com\/wp-content\/uploads\/2022\/10\/logo.png\",\"contentUrl\":\"https:\/\/www.neltmarket.com\/wp-content\/uploads\/2022\/10\/logo.png\",\"width\":600,\"height\":128,\"caption\":\"Nelt Market\"},\"image\":{\"@id\":\"https:\/\/www.neltmarket.com\/sr\/#\/schema\/logo\/image\/\"},\"sameAs\":[\"https:\/\/www.facebook.com\/NeltGroup\/\",\"https:\/\/www.linkedin.com\/company\/neltgroup\/\",\"https:\/\/www.instagram.com\/lifeatnelt\/\",\"https:\/\/www.youtube.com\/@neltgroup\"]}]}<\/script>\n","yoast_head_json":{"title":"Srbija | Nelt Market","description":"Pove\u0107ajte svoju prodaju uz novu Nelt Market aplikaciju za Srbiju! Brz i prakti\u010dan na\u010din da naru\u010dite najbolje brendove za va\u0161u prodavnicu.","robots":{"index":"index","follow":"follow","max-snippet":"max-snippet:-1","max-image-preview":"max-image-preview:large","max-video-preview":"max-video-preview:-1"},"canonical":"https:\/\/www.neltmarket.com\/sr\/srbija\/","og_locale":"sr_RS","og_type":"article","og_title":"Srbija | Nelt Market","og_description":"Pove\u0107ajte svoju prodaju uz novu Nelt Market aplikaciju za Srbiju! Brz i prakti\u010dan na\u010din da naru\u010dite najbolje brendove za va\u0161u prodavnicu.","og_url":"https:\/\/www.neltmarket.com\/sr\/srbija\/","og_site_name":"Nelt Market","article_publisher":"https:\/\/www.facebook.com\/NeltGroup\/","article_modified_time":"2024-10-04T12:21:34+00:00","og_image":[{"width":921,"height":772,"url":"https:\/\/www.neltmarket.com\/wp-content\/uploads\/2024\/09\/hero-srbija-v2.png","type":"image\/png"}],"twitter_card":"summary_large_image","twitter_misc":{"\u041f\u0440\u043e\u0446\u0435\u045a\u0435\u043d\u043e \u0432\u0440\u0435\u043c\u0435 \u0447\u0438\u0442\u0430\u045a\u0430":"1 \u043c\u0438\u043d\u0443\u0442"},"schema":{"@context":"https:\/\/schema.org","@graph":[{"@type":"WebPage","@id":"https:\/\/www.neltmarket.com\/sr\/srbija\/","url":"https:\/\/www.neltmarket.com\/sr\/srbija\/","name":"Srbija | Nelt Market","isPartOf":{"@id":"https:\/\/www.neltmarket.com\/sr\/#website"},"primaryImageOfPage":{"@id":"https:\/\/www.neltmarket.com\/sr\/srbija\/#primaryimage"},"image":{"@id":"https:\/\/www.neltmarket.com\/sr\/srbija\/#primaryimage"},"thumbnailUrl":"https:\/\/www.neltmarket.com\/wp-content\/uploads\/2024\/09\/hero-srbija-v2.png","datePublished":"2024-09-18T13:43:57+00:00","dateModified":"2024-10-04T12:21:34+00:00","description":"Pove\u0107ajte svoju prodaju uz novu Nelt Market aplikaciju za Srbiju! Brz i prakti\u010dan na\u010din da naru\u010dite najbolje brendove za va\u0161u prodavnicu.","breadcrumb":{"@id":"https:\/\/www.neltmarket.com\/sr\/srbija\/#breadcrumb"},"inLanguage":"sr-RS","potentialAction":[{"@type":"ReadAction","target":["https:\/\/www.neltmarket.com\/sr\/srbija\/"]}]},{"@type":"ImageObject","inLanguage":"sr-RS","@id":"https:\/\/www.neltmarket.com\/sr\/srbija\/#primaryimage","url":"https:\/\/www.neltmarket.com\/wp-content\/uploads\/2024\/09\/hero-srbija-v2.png","contentUrl":"https:\/\/www.neltmarket.com\/wp-content\/uploads\/2024\/09\/hero-srbija-v2.png","width":921,"height":772},{"@type":"BreadcrumbList","@id":"https:\/\/www.neltmarket.com\/sr\/srbija\/#breadcrumb","itemListElement":[{"@type":"ListItem","position":1,"name":"Home","item":"https:\/\/www.neltmarket.com\/sr\/"},{"@type":"ListItem","position":2,"name":"Srbija"}]},{"@type":"WebSite","@id":"https:\/\/www.neltmarket.com\/sr\/#website","url":"https:\/\/www.neltmarket.com\/sr\/","name":"Nelt Market","description":"We help YOU grow your business.","publisher":{"@id":"https:\/\/www.neltmarket.com\/sr\/#organization"},"potentialAction":[{"@type":"SearchAction","target":{"@type":"EntryPoint","urlTemplate":"https:\/\/www.neltmarket.com\/sr\/?s={search_term_string}"},"query-input":{"@type":"PropertyValueSpecification","valueRequired":true,"valueName":"search_term_string"}}],"inLanguage":"sr-RS"},{"@type":"Organization","@id":"https:\/\/www.neltmarket.com\/sr\/#organization","name":"Nelt Market","url":"https:\/\/www.neltmarket.com\/sr\/","logo":{"@type":"ImageObject","inLanguage":"sr-RS","@id":"https:\/\/www.neltmarket.com\/sr\/#\/schema\/logo\/image\/","url":"https:\/\/www.neltmarket.com\/wp-content\/uploads\/2022\/10\/logo.png","contentUrl":"https:\/\/www.neltmarket.com\/wp-content\/uploads\/2022\/10\/logo.png","width":600,"height":128,"caption":"Nelt Market"},"image":{"@id":"https:\/\/www.neltmarket.com\/sr\/#\/schema\/logo\/image\/"},"sameAs":["https:\/\/www.facebook.com\/NeltGroup\/","https:\/\/www.linkedin.com\/company\/neltgroup\/","https:\/\/www.instagram.com\/lifeatnelt\/","https:\/\/www.youtube.com\/@neltgroup"]}]}},"_links":{"self":[{"href":"https:\/\/www.neltmarket.com\/sr\/wp-json\/wp\/v2\/pages\/413","targetHints":{"allow":["GET"]}}],"collection":[{"href":"https:\/\/www.neltmarket.com\/sr\/wp-json\/wp\/v2\/pages"}],"about":[{"href":"https:\/\/www.neltmarket.com\/sr\/wp-json\/wp\/v2\/types\/page"}],"author":[{"embeddable":true,"href":"https:\/\/www.neltmarket.com\/sr\/wp-json\/wp\/v2\/users\/1"}],"replies":[{"embeddable":true,"href":"https:\/\/www.neltmarket.com\/sr\/wp-json\/wp\/v2\/comments?post=413"}],"version-history":[{"count":5,"href":"https:\/\/www.neltmarket.com\/sr\/wp-json\/wp\/v2\/pages\/413\/revisions"}],"predecessor-version":[{"id":500,"href":"https:\/\/www.neltmarket.com\/sr\/wp-json\/wp\/v2\/pages\/413\/revisions\/500"}],"wp:featuredmedia":[{"embeddable":true,"href":"https:\/\/www.neltmarket.com\/sr\/wp-json\/wp\/v2\/media\/417"}],"wp:attachment":[{"href":"https:\/\/www.neltmarket.com\/sr\/wp-json\/wp\/v2\/media?parent=413"}],"curies":[{"name":"wp","href":"https:\/\/api.w.org\/{rel}","templated":true}]}}